{"id":5477,"date":"2018-09-03T20:38:05","date_gmt":"2018-09-03T20:38:05","guid":{"rendered":"https:\/\/www.secretspriorat.com\/espais-comuns\/"},"modified":"2023-01-29T15:27:47","modified_gmt":"2023-01-29T15:27:47","slug":"espacios-comunes","status":"publish","type":"page","link":"https:\/\/www.secretspriorat.com\/es\/espacios-comunes\/","title":{"rendered":"Espacios Comunes"},"content":{"rendered":"\t\t<div class=\"elementor elementor-5477\">\n\t\t\t<div class=\"elementor-inner\">\n\t\t\t\t<div class=\"elementor-section-wrap\">\n\t\t\t\t\t\t\t<section data-id=\"4ba26f26\" class=\"elementor-element elementor-element-4ba26f26 elementor-section-stretched elementor-section-boxed elementor-section-height-default elementor-section-height-default elementor-section elementor-top-section\" data-settings=\"{&quot;stretch_section&quot;:&quot;section-stretched&quot;}\" data-element_type=\"section\">\n\t\t\t\t\t\t<div class=\"elementor-container elementor-column-gap-default\">\n\t\t\t\t<div class=\"elementor-row\">\n\t\t\t\t<div data-id=\"7c97ffdd\" class=\"elementor-element elementor-element-7c97ffdd elementor-column elementor-col-100 elementor-top-column\" data-element_type=\"column\">\n\t\t\t<div class=\"elementor-column-wrap elementor-element-populated\">\n\t\t\t\t\t<div class=\"elementor-widget-wrap\">\n\t\t\t\t<div data-id=\"22faa528\" class=\"elementor-element elementor-element-22faa528 elementor-widget elementor-widget-heading\" data-element_type=\"heading.default\">\n\t\t\t\t<div class=\"elementor-widget-container\">\n\t\t\t<h2 class=\"elementor-heading-title elementor-size-default\">Espacios Comunes<\/h2>\t\t<\/div>\n\t\t\t\t<\/div>\n\t\t\t\t<div data-id=\"4cb174c8\" class=\"elementor-element elementor-element-4cb174c8 elementor-widget elementor-widget-divider\" data-element_type=\"divider.default\">\n\t\t\t\t<div class=\"elementor-widget-container\">\n\t\t\t\t\t<div class=\"elementor-divider\">\n\t\t\t<span class=\"elementor-divider-separator\"><\/span>\n\t\t<\/div>\n\t\t\t\t<\/div>\n\t\t\t\t<\/div>\n\t\t\t\t<div data-id=\"d0d6921\" class=\"elementor-element elementor-element-d0d6921 elementor-widget elementor-widget-heading\" data-element_type=\"heading.default\">\n\t\t\t\t<div class=\"elementor-widget-container\">\n\t\t\t<h2 class=\"elementor-heading-title elementor-size-default\">Secrets Hotel Priorat dispone de dos plantas destinadas a zonas comunes nobles. Recepci\u00f3n, peque\u00f1os salones y el S\u00e9ptimo Cielo.<\/h2>\t\t<\/div>\n\t\t\t\t<\/div>\n\t\t\t\t<div data-id=\"724dfbb\" class=\"elementor-element elementor-element-724dfbb elementor-widget elementor-widget-spacer\" data-element_type=\"spacer.default\">\n\t\t\t\t<div class=\"elementor-widget-container\">\n\t\t\t\t\t<div class=\"elementor-spacer\">\n\t\t\t<div class=\"elementor-spacer-inner\"><\/div>\n\t\t<\/div>\n\t\t\t\t<\/div>\n\t\t\t\t<\/div>\n\t\t\t\t\t\t<\/div>\n\t\t\t<\/div>\n\t\t<\/div>\n\t\t\t\t\t\t<\/div>\n\t\t\t<\/div>\n\t\t<\/section>\n\t\t\t\t<section data-id=\"4e4e1411\" class=\"elementor-element elementor-element-4e4e1411 elementor-section-stretched elementor-section-boxed elementor-section-height-default elementor-section-height-default elementor-section elementor-top-section\" data-settings=\"{&quot;stretch_section&quot;:&quot;section-stretched&quot;}\" data-element_type=\"section\">\n\t\t\t\t\t\t<div class=\"elementor-container elementor-column-gap-no\">\n\t\t\t\t<div class=\"elementor-row\">\n\t\t\t\t<div data-id=\"4cc59966\" class=\"elementor-element elementor-element-4cc59966 elementor-column elementor-col-33 elementor-top-column\" data-element_type=\"column\">\n\t\t\t<div class=\"elementor-column-wrap elementor-element-populated\">\n\t\t\t\t\t<div class=\"elementor-widget-wrap\">\n\t\t\t\t<div data-id=\"2cfac844\" class=\"elementor-element elementor-element-2cfac844 elementor-widget elementor-widget-image\" data-element_type=\"image.default\">\n\t\t\t\t<div class=\"elementor-widget-container\">\n\t\t\t\t\t<div class=\"elementor-image\">\n\t\t\t\t\t\t\t\t\t\t<img width=\"460\" height=\"460\" src=\"https:\/\/www.secretspriorat.com\/wp-content\/uploads\/2018\/08\/c6.jpg\" class=\"attachment-full size-full\" alt=\"\" loading=\"lazy\" srcset=\"https:\/\/www.secretspriorat.com\/wp-content\/uploads\/2018\/08\/c6.jpg 460w, https:\/\/www.secretspriorat.com\/wp-content\/uploads\/2018\/08\/c6-150x150.jpg 150w, https:\/\/www.secretspriorat.com\/wp-content\/uploads\/2018\/08\/c6-300x300.jpg 300w\" sizes=\"(max-width: 460px) 100vw, 460px\" \/>\t\t\t\t\t\t\t\t\t\t\t<\/div>\n\t\t\t\t<\/div>\n\t\t\t\t<\/div>\n\t\t\t\t\t\t<\/div>\n\t\t\t<\/div>\n\t\t<\/div>\n\t\t\t\t<div data-id=\"331c253c\" class=\"elementor-element elementor-element-331c253c elementor-column elementor-col-33 elementor-top-column\" data-element_type=\"column\">\n\t\t\t<div class=\"elementor-column-wrap elementor-element-populated\">\n\t\t\t\t\t<div class=\"elementor-widget-wrap\">\n\t\t\t\t<div data-id=\"663962a9\" class=\"elementor-element elementor-element-663962a9 elementor-widget elementor-widget-heading\" data-element_type=\"heading.default\">\n\t\t\t\t<div class=\"elementor-widget-container\">\n\t\t\t<h6 class=\"elementor-heading-title elementor-size-default\">Los Espacios<\/h6>\t\t<\/div>\n\t\t\t\t<\/div>\n\t\t\t\t<div data-id=\"5fc5273a\" class=\"elementor-element elementor-element-5fc5273a elementor-widget elementor-widget-text-editor\" data-element_type=\"text-editor.default\">\n\t\t\t\t<div class=\"elementor-widget-container\">\n\t\t\t\t\t<div class=\"elementor-text-editor elementor-clearfix\"><p>En la planta baja encontramos un espacio \u00fanico de descanso rodeado de texturas y piedras centenarias. Amenizado con una copa de un buen vino a tu llegada. En este espacio podr\u00e1s disfrutar de una lectura tranquila de los libros de nuestra biblioteca; arquitectura y Priorat.<\/p><p>El ascensor te conducir\u00e1 al 7\u00ba Cielo, lugar emblem\u00e1tico de nuestra instalaci\u00f3n que corresponde a la bodega del edificio y que data de una antig\u00fcedad superior a los 300 a\u00f1os.<\/p><\/div>\n\t\t\t\t<\/div>\n\t\t\t\t<\/div>\n\t\t\t\t\t\t<\/div>\n\t\t\t<\/div>\n\t\t<\/div>\n\t\t\t\t<div data-id=\"76fb26c6\" class=\"elementor-element elementor-element-76fb26c6 elementor-column elementor-col-33 elementor-top-column\" data-element_type=\"column\">\n\t\t\t<div class=\"elementor-column-wrap elementor-element-populated\">\n\t\t\t\t\t<div class=\"elementor-widget-wrap\">\n\t\t\t\t<div data-id=\"20eae344\" class=\"elementor-element elementor-element-20eae344 elementor-widget elementor-widget-image\" data-element_type=\"image.default\">\n\t\t\t\t<div class=\"elementor-widget-container\">\n\t\t\t\t\t<div class=\"elementor-image\">\n\t\t\t\t\t\t\t\t\t\t<img src=\"https:\/\/www.secretspriorat.com\/wp-content\/uploads\/elementor\/thumbs\/h14-nvlg8lwjq6zpipgx34ygcg2hhxiyepffdv12z5a2ns.jpg\" title=\"h14\" alt=\"h14\" \/>\t\t\t\t\t\t\t\t\t\t\t<\/div>\n\t\t\t\t<\/div>\n\t\t\t\t<\/div>\n\t\t\t\t\t\t<\/div>\n\t\t\t<\/div>\n\t\t<\/div>\n\t\t\t\t\t\t<\/div>\n\t\t\t<\/div>\n\t\t<\/section>\n\t\t\t\t<section data-id=\"12f5e1f3\" class=\"elementor-element elementor-element-12f5e1f3 elementor-section-stretched elementor-section-boxed elementor-section-height-default elementor-section-height-default elementor-section elementor-top-section\" data-settings=\"{&quot;stretch_section&quot;:&quot;section-stretched&quot;}\" data-element_type=\"section\">\n\t\t\t\t\t\t<div class=\"elementor-container elementor-column-gap-no\">\n\t\t\t\t<div class=\"elementor-row\">\n\t\t\t\t<div data-id=\"102d957a\" class=\"elementor-element elementor-element-102d957a elementor-column elementor-col-33 elementor-top-column\" data-element_type=\"column\">\n\t\t\t<div class=\"elementor-column-wrap elementor-element-populated\">\n\t\t\t\t\t<div class=\"elementor-widget-wrap\">\n\t\t\t\t<div data-id=\"67d92fb1\" class=\"elementor-element elementor-element-67d92fb1 elementor-widget elementor-widget-heading\" data-element_type=\"heading.default\">\n\t\t\t\t<div class=\"elementor-widget-container\">\n\t\t\t<h6 class=\"elementor-heading-title elementor-size-default\">Catas<\/h6>\t\t<\/div>\n\t\t\t\t<\/div>\n\t\t\t\t<div data-id=\"2493f7a3\" class=\"elementor-element elementor-element-2493f7a3 elementor-widget elementor-widget-text-editor\" data-element_type=\"text-editor.default\">\n\t\t\t\t<div class=\"elementor-widget-container\">\n\t\t\t\t\t<div class=\"elementor-text-editor elementor-clearfix\"><p>En nuestra bodega, ubicada en la planta s\u00f3tano disfrutar\u00e9is de la infraestructura precisa para llevar a cabo catas de vinos de las bodegas que as\u00ed lo deseen.<\/p><p>Tambi\u00e9n dispensamos y somos amantes de las catas a ciegas.<\/p><\/div>\n\t\t\t\t<\/div>\n\t\t\t\t<\/div>\n\t\t\t\t\t\t<\/div>\n\t\t\t<\/div>\n\t\t<\/div>\n\t\t\t\t<div data-id=\"7866a2c3\" class=\"elementor-element elementor-element-7866a2c3 elementor-column elementor-col-33 elementor-top-column\" data-element_type=\"column\">\n\t\t\t<div class=\"elementor-column-wrap elementor-element-populated\">\n\t\t\t\t\t<div class=\"elementor-widget-wrap\">\n\t\t\t\t<div data-id=\"6235f47f\" class=\"elementor-element elementor-element-6235f47f elementor-widget elementor-widget-image\" data-element_type=\"image.default\">\n\t\t\t\t<div class=\"elementor-widget-container\">\n\t\t\t\t\t<div class=\"elementor-image\">\n\t\t\t\t\t\t\t\t\t\t<img width=\"460\" height=\"460\" src=\"https:\/\/www.secretspriorat.com\/wp-content\/uploads\/2018\/09\/h15.jpg\" class=\"attachment-full size-full\" alt=\"\" loading=\"lazy\" srcset=\"https:\/\/www.secretspriorat.com\/wp-content\/uploads\/2018\/09\/h15.jpg 460w, https:\/\/www.secretspriorat.com\/wp-content\/uploads\/2018\/09\/h15-150x150.jpg 150w, https:\/\/www.secretspriorat.com\/wp-content\/uploads\/2018\/09\/h15-300x300.jpg 300w\" sizes=\"(max-width: 460px) 100vw, 460px\" \/>\t\t\t\t\t\t\t\t\t\t\t<\/div>\n\t\t\t\t<\/div>\n\t\t\t\t<\/div>\n\t\t\t\t\t\t<\/div>\n\t\t\t<\/div>\n\t\t<\/div>\n\t\t\t\t<div data-id=\"32cf72ed\" class=\"elementor-element elementor-element-32cf72ed elementor-column elementor-col-33 elementor-top-column\" data-element_type=\"column\">\n\t\t\t<div class=\"elementor-column-wrap elementor-element-populated\">\n\t\t\t\t\t<div class=\"elementor-widget-wrap\">\n\t\t\t\t<div data-id=\"6f7a5480\" class=\"elementor-element elementor-element-6f7a5480 elementor-widget elementor-widget-heading\" data-element_type=\"heading.default\">\n\t\t\t\t<div class=\"elementor-widget-container\">\n\t\t\t<h6 class=\"elementor-heading-title elementor-size-default\">Eventos<\/h6>\t\t<\/div>\n\t\t\t\t<\/div>\n\t\t\t\t<div data-id=\"adc9fb8\" class=\"elementor-element elementor-element-adc9fb8 elementor-widget elementor-widget-text-editor\" data-element_type=\"text-editor.default\">\n\t\t\t\t<div class=\"elementor-widget-container\">\n\t\t\t\t\t<div class=\"elementor-text-editor elementor-clearfix\"><p>Organizamos eventos personalizados a solicitud del cliente como aniversarios, catas, aperitivos, etc.<\/p><p>Tambi\u00e9n tenemos espacio para acomodar eventos de empresa y conciertos.<\/p><\/div>\n\t\t\t\t<\/div>\n\t\t\t\t<\/div>\n\t\t\t\t\t\t<\/div>\n\t\t\t<\/div>\n\t\t<\/div>\n\t\t\t\t\t\t<\/div>\n\t\t\t<\/div>\n\t\t<\/section>\n\t\t\t\t<section data-id=\"5b3f8d2\" class=\"elementor-element elementor-element-5b3f8d2 elementor-section-content-middle elementor-section-stretched elementor-section-boxed elementor-section-height-default elementor-section-height-default elementor-section elementor-top-section\" data-settings=\"{&quot;background_background&quot;:&quot;classic&quot;,&quot;stretch_section&quot;:&quot;section-stretched&quot;}\" data-element_type=\"section\">\n\t\t\t\t\t\t<div class=\"elementor-container elementor-column-gap-no\">\n\t\t\t\t<div class=\"elementor-row\">\n\t\t\t\t<div data-id=\"26550dfc\" class=\"elementor-element elementor-element-26550dfc elementor-column elementor-col-100 elementor-top-column\" data-element_type=\"column\">\n\t\t\t<div class=\"elementor-column-wrap elementor-element-populated\">\n\t\t\t\t\t<div class=\"elementor-widget-wrap\">\n\t\t\t\t<div data-id=\"63dffad6\" class=\"elementor-element elementor-element-63dffad6 elementor-widget elementor-widget-heading\" data-element_type=\"heading.default\">\n\t\t\t\t<div class=\"elementor-widget-container\">\n\t\t\t<h4 class=\"elementor-heading-title elementor-size-default\">Subscr\u00edbete a nuestro Newsletter<\/h4>\t\t<\/div>\n\t\t\t\t<\/div>\n\t\t\t\t<div data-id=\"6eac9411\" class=\"elementor-element elementor-element-6eac9411 elementor-button-align-stretch elementor-widget elementor-widget-form\" data-element_type=\"form.default\">\n\t\t\t\t<div class=\"elementor-widget-container\">\n\t\t\t\t\t<form class=\"elementor-form\" method=\"post\" name=\"New Form\">\n\t\t\t<input type=\"hidden\" name=\"post_id\" value=\"5477\"\/>\n\t\t\t<input type=\"hidden\" name=\"form_id\" value=\"6eac9411\"\/>\n\n\t\t\t<div class=\"elementor-form-fields-wrapper elementor-labels-\">\n\t\t\t\t\t\t\t\t<div class=\"elementor-field-type-email elementor-field-group elementor-column elementor-field-group-email elementor-col-75 elementor-field-required\">\n\t\t\t\t\t<label for=\"form-field-email\" class=\"elementor-field-label elementor-screen-only\">Email<\/label><input size=\"1\" type=\"email\" name=\"form_fields[email]\" id=\"form-field-email\" class=\"elementor-field elementor-size-md  elementor-field-textual\" placeholder=\"Email\" required=\"required\" aria-required=\"true\">\t\t\t\t<\/div>\n\t\t\t\t\t\t\t\t<div class=\"elementor-field-group elementor-column elementor-field-type-submit elementor-col-25\">\n\t\t\t\t\t<button type=\"submit\" class=\"elementor-button elementor-size-md\">\n\t\t\t\t\t\t<span >\n\t\t\t\t\t\t\t\t\t\t\t\t\t\t\t\t\t\t\t\t\t\t<span class=\"elementor-button-text\">Subscribete<\/span>\n\t\t\t\t\t\t\t\t\t\t\t\t\t<\/span>\n\t\t\t\t\t<\/button>\n\t\t\t\t<\/div>\n\t\t\t<\/div>\n\t\t<\/form>\n\t\t\t\t<\/div>\n\t\t\t\t<\/div>\n\t\t\t\t\t\t<\/div>\n\t\t\t<\/div>\n\t\t<\/div>\n\t\t\t\t\t\t<\/div>\n\t\t\t<\/div>\n\t\t<\/section>\n\t\t\t\t\t\t<\/div>\n\t\t\t<\/div>\n\t\t<\/div>\n\t\t","protected":false},"excerpt":{"rendered":"<p>Espacios Comunes<br \/>\nSecrets Hotel Priorat dispone de dos plantas destinadas a zonas comunes nobles. Recepci\u00f3n, peque\u00f1os salones y el S\u00e9ptimo <\/p>\n","protected":false},"author":1,"featured_media":0,"parent":0,"menu_order":0,"comment_status":"closed","ping_status":"closed","template":"","meta":[],"_links":{"self":[{"href":"https:\/\/www.secretspriorat.com\/es\/wp-json\/wp\/v2\/pages\/5477\/"}],"collection":[{"href":"https:\/\/www.secretspriorat.com\/es\/wp-json\/wp\/v2\/pages\/"}],"about":[{"href":"https:\/\/www.secretspriorat.com\/es\/wp-json\/wp\/v2\/types\/page\/"}],"author":[{"embeddable":true,"href":"https:\/\/www.secretspriorat.com\/es\/wp-json\/wp\/v2\/users\/1\/"}],"replies":[{"embeddable":true,"href":"https:\/\/www.secretspriorat.com\/es\/wp-json\/wp\/v2\/comments\/?post=5477"}],"version-history":[{"count":8,"href":"https:\/\/www.secretspriorat.com\/es\/wp-json\/wp\/v2\/pages\/5477\/revisions\/"}],"predecessor-version":[{"id":5819,"href":"https:\/\/www.secretspriorat.com\/es\/wp-json\/wp\/v2\/pages\/5477\/revisions\/5819\/"}],"wp:attachment":[{"href":"https:\/\/www.secretspriorat.com\/es\/wp-json\/wp\/v2\/media\/?parent=5477"}],"curies":[{"name":"wp","href":"https:\/\/api.w.org\/{rel}","templated":true}]}}